{"id":1305,"date":"2024-01-24T03:34:19","date_gmt":"2024-01-24T13:34:19","guid":{"rendered":"https:\/\/www.mooreamahanatours.com\/galerie\/"},"modified":"2024-01-29T09:47:02","modified_gmt":"2024-01-29T19:47:02","slug":"galerie","status":"publish","type":"page","link":"https:\/\/www.mooreamahanatours.com\/fr\/galerie\/","title":{"rendered":"Galerie"},"content":{"rendered":"\n<h1 class=\"wp-block-heading has-text-align-center\">Nos circuits et excursions<\/h1>\n\n<p><\/p>\n<div class=\"gallery\"><div><a href=\"https:\/\/www.mooreamahanatours.com\/wp-content\/uploads\/page\/page-32\/our-tours-and-excursions-001-1920x1280.jpg\" class=\"fancybox\" rel=\"gallery\" title=\"\n\n\n\n\n\n\n\n\n\n\n\n\n\n\n\n\n\n\n\n\n\n\n\n\n\n\n\n\n\n\"><img loading=\"lazy\" decoding=\"async\" src=\"https:\/\/www.mooreamahanatours.com\/wp-content\/uploads\/page\/page-32\/our-tours-and-excursions-001-384x384.jpg\" width=\"384\" height=\"384\" alt=\"\n\n\n\n\n\n\n\n\n\n\n\n\n\n\n\n\n\n\n\n\n\n\n\n\n\n\n\n\n\n\" \/><span class=\"overlay\"><\/span><span class=\"icon\"><\/span><\/a><a href=\"https:\/\/www.mooreamahanatours.com\/wp-content\/uploads\/page\/page-32\/our-tours-and-excursions-002-1920x1280.jpg\" class=\"fancybox\" rel=\"gallery\" title=\"\"><img loading=\"lazy\" decoding=\"async\" src=\"https:\/\/www.mooreamahanatours.com\/wp-content\/uploads\/page\/page-32\/our-tours-and-excursions-002-384x384.jpg\" width=\"384\" height=\"384\" alt=\"\" \/><span class=\"overlay\"><\/span><span class=\"icon\"><\/span><\/a><a href=\"https:\/\/www.mooreamahanatours.com\/wp-content\/uploads\/page\/page-32\/our-tours-and-excursions-003-1920x1280.jpg\" class=\"fancybox\" rel=\"gallery\" title=\"\"><img loading=\"lazy\" decoding=\"async\" src=\"https:\/\/www.mooreamahanatours.com\/wp-content\/uploads\/page\/page-32\/our-tours-and-excursions-003-384x384.jpg\" width=\"384\" height=\"384\" alt=\"\" \/><span class=\"overlay\"><\/span><span class=\"icon\"><\/span><\/a><a href=\"https:\/\/www.mooreamahanatours.com\/wp-content\/uploads\/page\/page-32\/our-tours-and-excursions-004-1920x1280.jpg\" class=\"fancybox\" rel=\"gallery\" title=\"\"><img loading=\"lazy\" decoding=\"async\" src=\"https:\/\/www.mooreamahanatours.com\/wp-content\/uploads\/page\/page-32\/our-tours-and-excursions-004-384x384.jpg\" width=\"384\" height=\"384\" alt=\"\" \/><span class=\"overlay\"><\/span><span class=\"icon\"><\/span><\/a><a href=\"https:\/\/www.mooreamahanatours.com\/wp-content\/uploads\/page\/page-32\/our-tours-and-excursions-005-1920x1280.jpg\" class=\"fancybox\" rel=\"gallery\" title=\"\"><img loading=\"lazy\" decoding=\"async\" src=\"https:\/\/www.mooreamahanatours.com\/wp-content\/uploads\/page\/page-32\/our-tours-and-excursions-005-384x384.jpg\" width=\"384\" height=\"384\" alt=\"\" \/><span class=\"overlay\"><\/span><span class=\"icon\"><\/span><\/a><a href=\"https:\/\/www.mooreamahanatours.com\/wp-content\/uploads\/page\/page-32\/our-tours-and-excursions-006-1920x1280.jpg\" class=\"fancybox\" rel=\"gallery\" title=\"\"><img loading=\"lazy\" decoding=\"async\" src=\"https:\/\/www.mooreamahanatours.com\/wp-content\/uploads\/page\/page-32\/our-tours-and-excursions-006-384x384.jpg\" width=\"384\" height=\"384\" alt=\"\" \/><span class=\"overlay\"><\/span><span class=\"icon\"><\/span><\/a><a href=\"https:\/\/www.mooreamahanatours.com\/wp-content\/uploads\/page\/page-32\/our-tours-and-excursions-007-1920x1280.jpg\" class=\"fancybox\" rel=\"gallery\" title=\"\"><img loading=\"lazy\" decoding=\"async\" src=\"https:\/\/www.mooreamahanatours.com\/wp-content\/uploads\/page\/page-32\/our-tours-and-excursions-007-384x384.jpg\" width=\"384\" height=\"384\" alt=\"\" \/><span class=\"overlay\"><\/span><span class=\"icon\"><\/span><\/a><a href=\"https:\/\/www.mooreamahanatours.com\/wp-content\/uploads\/page\/page-32\/our-tours-and-excursions-008-1920x1280.jpg\" class=\"fancybox\" rel=\"gallery\" title=\"\"><img loading=\"lazy\" decoding=\"async\" src=\"https:\/\/www.mooreamahanatours.com\/wp-content\/uploads\/page\/page-32\/our-tours-and-excursions-008-384x384.jpg\" width=\"384\" height=\"384\" alt=\"\" \/><span class=\"overlay\"><\/span><span class=\"icon\"><\/span><\/a><a href=\"https:\/\/www.mooreamahanatours.com\/wp-content\/uploads\/page\/page-32\/our-tours-and-excursions-009-1920x1280.jpg\" class=\"fancybox\" rel=\"gallery\" title=\"\"><img loading=\"lazy\" decoding=\"async\" src=\"https:\/\/www.mooreamahanatours.com\/wp-content\/uploads\/page\/page-32\/our-tours-and-excursions-009-384x384.jpg\" width=\"384\" height=\"384\" alt=\"\" \/><span class=\"overlay\"><\/span><span class=\"icon\"><\/span><\/a><a href=\"https:\/\/www.mooreamahanatours.com\/wp-content\/uploads\/page\/page-32\/our-tours-and-excursions-010-1920x1280.jpg\" class=\"fancybox\" rel=\"gallery\" title=\"\"><img loading=\"lazy\" decoding=\"async\" src=\"https:\/\/www.mooreamahanatours.com\/wp-content\/uploads\/page\/page-32\/our-tours-and-excursions-010-384x384.jpg\" width=\"384\" height=\"384\" alt=\"\" \/><span class=\"overlay\"><\/span><span class=\"icon\"><\/span><\/a><a href=\"https:\/\/www.mooreamahanatours.com\/wp-content\/uploads\/page\/page-32\/our-tours-and-excursions-011-1920x1280.jpg\" class=\"fancybox\" rel=\"gallery\" title=\"\"><img loading=\"lazy\" decoding=\"async\" src=\"https:\/\/www.mooreamahanatours.com\/wp-content\/uploads\/page\/page-32\/our-tours-and-excursions-011-384x384.jpg\" width=\"384\" height=\"384\" alt=\"\" \/><span class=\"overlay\"><\/span><span class=\"icon\"><\/span><\/a><a href=\"https:\/\/www.mooreamahanatours.com\/wp-content\/uploads\/page\/page-32\/our-tours-and-excursions-012-1920x1280.jpg\" class=\"fancybox\" rel=\"gallery\" title=\"\"><img loading=\"lazy\" decoding=\"async\" src=\"https:\/\/www.mooreamahanatours.com\/wp-content\/uploads\/page\/page-32\/our-tours-and-excursions-012-384x384.jpg\" width=\"384\" height=\"384\" alt=\"\" \/><span class=\"overlay\"><\/span><span class=\"icon\"><\/span><\/a><a href=\"https:\/\/www.mooreamahanatours.com\/wp-content\/uploads\/page\/page-32\/our-tours-and-excursions-013-1920x1280.jpg\" class=\"fancybox\" rel=\"gallery\" title=\"\"><img loading=\"lazy\" decoding=\"async\" src=\"https:\/\/www.mooreamahanatours.com\/wp-content\/uploads\/page\/page-32\/our-tours-and-excursions-013-384x384.jpg\" width=\"384\" height=\"384\" alt=\"\" \/><span class=\"overlay\"><\/span><span class=\"icon\"><\/span><\/a><a href=\"https:\/\/www.mooreamahanatours.com\/wp-content\/uploads\/page\/page-32\/our-tours-and-excursions-014-1920x1280.jpg\" class=\"fancybox\" rel=\"gallery\" title=\"\"><img loading=\"lazy\" decoding=\"async\" src=\"https:\/\/www.mooreamahanatours.com\/wp-content\/uploads\/page\/page-32\/our-tours-and-excursions-014-384x384.jpg\" width=\"384\" height=\"384\" alt=\"\" \/><span class=\"overlay\"><\/span><span class=\"icon\"><\/span><\/a><a href=\"https:\/\/www.mooreamahanatours.com\/wp-content\/uploads\/page\/page-32\/our-tours-and-excursions-015-1920x1280.jpg\" class=\"fancybox\" rel=\"gallery\" title=\"\"><img loading=\"lazy\" decoding=\"async\" src=\"https:\/\/www.mooreamahanatours.com\/wp-content\/uploads\/page\/page-32\/our-tours-and-excursions-015-384x384.jpg\" width=\"384\" height=\"384\" alt=\"\" \/><span class=\"overlay\"><\/span><span class=\"icon\"><\/span><\/a><div class=\"clear\"><\/div><\/div><\/div>\n<p><\/p>\n\n<h1 class=\"wp-block-heading has-text-align-center\">L&rsquo;\u00eele de Moorea<\/h1>\n\n<p><\/p>\n<div class=\"gallery\"><div><a href=\"https:\/\/www.mooreamahanatours.com\/wp-content\/uploads\/page\/page-32\/the-island-of-moorea-001-1920x1280.jpg\" class=\"fancybox\" rel=\"gallery\" title=\"\n\n\n\n\n\n\n\n\n\n\n\n\n\n\n\n\n\n\n\n\n\n\n\n\n\n\n\n\n\n\"><img loading=\"lazy\" decoding=\"async\" src=\"https:\/\/www.mooreamahanatours.com\/wp-content\/uploads\/page\/page-32\/the-island-of-moorea-001-384x384.jpg\" width=\"384\" height=\"384\" alt=\"\n\n\n\n\n\n\n\n\n\n\n\n\n\n\n\n\n\n\n\n\n\n\n\n\n\n\n\n\n\n\" \/><span class=\"overlay\"><\/span><span class=\"icon\"><\/span><\/a><a href=\"https:\/\/www.mooreamahanatours.com\/wp-content\/uploads\/page\/page-32\/the-island-of-moorea-002-1920x1280.jpg\" class=\"fancybox\" rel=\"gallery\" title=\"\"><img loading=\"lazy\" decoding=\"async\" src=\"https:\/\/www.mooreamahanatours.com\/wp-content\/uploads\/page\/page-32\/the-island-of-moorea-002-384x384.jpg\" width=\"384\" height=\"384\" alt=\"\" \/><span class=\"overlay\"><\/span><span class=\"icon\"><\/span><\/a><a href=\"https:\/\/www.mooreamahanatours.com\/wp-content\/uploads\/page\/page-32\/the-island-of-moorea-003-1920x1280.jpg\" class=\"fancybox\" rel=\"gallery\" title=\"\"><img loading=\"lazy\" decoding=\"async\" src=\"https:\/\/www.mooreamahanatours.com\/wp-content\/uploads\/page\/page-32\/the-island-of-moorea-003-384x384.jpg\" width=\"384\" height=\"384\" alt=\"\" \/><span class=\"overlay\"><\/span><span class=\"icon\"><\/span><\/a><a href=\"https:\/\/www.mooreamahanatours.com\/wp-content\/uploads\/page\/page-32\/the-island-of-moorea-004-1920x1280.jpg\" class=\"fancybox\" rel=\"gallery\" title=\"\"><img loading=\"lazy\" decoding=\"async\" src=\"https:\/\/www.mooreamahanatours.com\/wp-content\/uploads\/page\/page-32\/the-island-of-moorea-004-384x384.jpg\" width=\"384\" height=\"384\" alt=\"\" \/><span class=\"overlay\"><\/span><span class=\"icon\"><\/span><\/a><a href=\"https:\/\/www.mooreamahanatours.com\/wp-content\/uploads\/page\/page-32\/the-island-of-moorea-005-1920x1280.jpg\" class=\"fancybox\" rel=\"gallery\" title=\"\"><img loading=\"lazy\" decoding=\"async\" src=\"https:\/\/www.mooreamahanatours.com\/wp-content\/uploads\/page\/page-32\/the-island-of-moorea-005-384x384.jpg\" width=\"384\" height=\"384\" alt=\"\" \/><span class=\"overlay\"><\/span><span class=\"icon\"><\/span><\/a><a href=\"https:\/\/www.mooreamahanatours.com\/wp-content\/uploads\/page\/page-32\/the-island-of-moorea-006-1920x1280.jpg\" class=\"fancybox\" rel=\"gallery\" title=\"\"><img loading=\"lazy\" decoding=\"async\" src=\"https:\/\/www.mooreamahanatours.com\/wp-content\/uploads\/page\/page-32\/the-island-of-moorea-006-384x384.jpg\" width=\"384\" height=\"384\" alt=\"\" \/><span class=\"overlay\"><\/span><span class=\"icon\"><\/span><\/a><a href=\"https:\/\/www.mooreamahanatours.com\/wp-content\/uploads\/page\/page-32\/the-island-of-moorea-007-1920x1280.jpg\" class=\"fancybox\" rel=\"gallery\" title=\"\"><img loading=\"lazy\" decoding=\"async\" src=\"https:\/\/www.mooreamahanatours.com\/wp-content\/uploads\/page\/page-32\/the-island-of-moorea-007-384x384.jpg\" width=\"384\" height=\"384\" alt=\"\" \/><span class=\"overlay\"><\/span><span class=\"icon\"><\/span><\/a><a href=\"https:\/\/www.mooreamahanatours.com\/wp-content\/uploads\/page\/page-32\/the-island-of-moorea-008-1920x1280.jpg\" class=\"fancybox\" rel=\"gallery\" title=\"\"><img loading=\"lazy\" decoding=\"async\" src=\"https:\/\/www.mooreamahanatours.com\/wp-content\/uploads\/page\/page-32\/the-island-of-moorea-008-384x384.jpg\" width=\"384\" height=\"384\" alt=\"\" \/><span class=\"overlay\"><\/span><span class=\"icon\"><\/span><\/a><a href=\"https:\/\/www.mooreamahanatours.com\/wp-content\/uploads\/page\/page-32\/the-island-of-moorea-009-1920x1280.jpg\" class=\"fancybox\" rel=\"gallery\" title=\"\"><img loading=\"lazy\" decoding=\"async\" src=\"https:\/\/www.mooreamahanatours.com\/wp-content\/uploads\/page\/page-32\/the-island-of-moorea-009-384x384.jpg\" width=\"384\" height=\"384\" alt=\"\" \/><span class=\"overlay\"><\/span><span class=\"icon\"><\/span><\/a><a href=\"https:\/\/www.mooreamahanatours.com\/wp-content\/uploads\/page\/page-32\/the-island-of-moorea-010-1920x1280.jpg\" class=\"fancybox\" rel=\"gallery\" title=\"\"><img loading=\"lazy\" decoding=\"async\" src=\"https:\/\/www.mooreamahanatours.com\/wp-content\/uploads\/page\/page-32\/the-island-of-moorea-010-384x384.jpg\" width=\"384\" height=\"384\" alt=\"\" \/><span class=\"overlay\"><\/span><span class=\"icon\"><\/span><\/a><a href=\"https:\/\/www.mooreamahanatours.com\/wp-content\/uploads\/page\/page-32\/the-island-of-moorea-011-1920x1280.jpg\" class=\"fancybox\" rel=\"gallery\" title=\"\"><img loading=\"lazy\" decoding=\"async\" src=\"https:\/\/www.mooreamahanatours.com\/wp-content\/uploads\/page\/page-32\/the-island-of-moorea-011-384x384.jpg\" width=\"384\" height=\"384\" alt=\"\" \/><span class=\"overlay\"><\/span><span class=\"icon\"><\/span><\/a><a href=\"https:\/\/www.mooreamahanatours.com\/wp-content\/uploads\/page\/page-32\/the-island-of-moorea-012-1920x1280.jpg\" class=\"fancybox\" rel=\"gallery\" title=\"\"><img loading=\"lazy\" decoding=\"async\" src=\"https:\/\/www.mooreamahanatours.com\/wp-content\/uploads\/page\/page-32\/the-island-of-moorea-012-384x384.jpg\" width=\"384\" height=\"384\" alt=\"\" \/><span class=\"overlay\"><\/span><span class=\"icon\"><\/span><\/a><a href=\"https:\/\/www.mooreamahanatours.com\/wp-content\/uploads\/page\/page-32\/the-island-of-moorea-013-1920x1280.jpg\" class=\"fancybox\" rel=\"gallery\" title=\"\"><img loading=\"lazy\" decoding=\"async\" src=\"https:\/\/www.mooreamahanatours.com\/wp-content\/uploads\/page\/page-32\/the-island-of-moorea-013-384x384.jpg\" width=\"384\" height=\"384\" alt=\"\" \/><span class=\"overlay\"><\/span><span class=\"icon\"><\/span><\/a><a href=\"https:\/\/www.mooreamahanatours.com\/wp-content\/uploads\/page\/page-32\/the-island-of-moorea-014-1920x1280.jpg\" class=\"fancybox\" rel=\"gallery\" title=\"\"><img loading=\"lazy\" decoding=\"async\" src=\"https:\/\/www.mooreamahanatours.com\/wp-content\/uploads\/page\/page-32\/the-island-of-moorea-014-384x384.jpg\" width=\"384\" height=\"384\" alt=\"\" \/><span class=\"overlay\"><\/span><span class=\"icon\"><\/span><\/a><a href=\"https:\/\/www.mooreamahanatours.com\/wp-content\/uploads\/page\/page-32\/the-island-of-moorea-015-1920x1280.jpg\" class=\"fancybox\" rel=\"gallery\" title=\"\"><img loading=\"lazy\" decoding=\"async\" src=\"https:\/\/www.mooreamahanatours.com\/wp-content\/uploads\/page\/page-32\/the-island-of-moorea-015-384x384.jpg\" width=\"384\" height=\"384\" alt=\"\" \/><span class=\"overlay\"><\/span><span class=\"icon\"><\/span><\/a><div class=\"clear\"><\/div><\/div><\/div>\n<p><\/p>\n\n<h1 class=\"wp-block-heading has-text-align-center\">La faune de Moorea<\/h1>\n\n<p><\/p>\n<div class=\"gallery\"><div><a href=\"https:\/\/www.mooreamahanatours.com\/wp-content\/uploads\/page\/page-32\/the-wildlife-of-moorea-001-1920x1280.jpg\" class=\"fancybox\" rel=\"gallery\" title=\"\n\n\n\n\n\n\n\n\n\n\n\n\n\n\n\n\n\n\n\n\n\n\n\n\n\n\n\n\n\n\"><img loading=\"lazy\" decoding=\"async\" src=\"https:\/\/www.mooreamahanatours.com\/wp-content\/uploads\/page\/page-32\/the-wildlife-of-moorea-001-384x384.jpg\" width=\"384\" height=\"384\" alt=\"\n\n\n\n\n\n\n\n\n\n\n\n\n\n\n\n\n\n\n\n\n\n\n\n\n\n\n\n\n\n\" \/><span class=\"overlay\"><\/span><span class=\"icon\"><\/span><\/a><a href=\"https:\/\/www.mooreamahanatours.com\/wp-content\/uploads\/page\/page-32\/the-wildlife-of-moorea-002-1920x1280.jpg\" class=\"fancybox\" rel=\"gallery\" title=\"\"><img loading=\"lazy\" decoding=\"async\" src=\"https:\/\/www.mooreamahanatours.com\/wp-content\/uploads\/page\/page-32\/the-wildlife-of-moorea-002-384x384.jpg\" width=\"384\" height=\"384\" alt=\"\" \/><span class=\"overlay\"><\/span><span class=\"icon\"><\/span><\/a><a href=\"https:\/\/www.mooreamahanatours.com\/wp-content\/uploads\/page\/page-32\/the-wildlife-of-moorea-003-1920x1280.jpg\" class=\"fancybox\" rel=\"gallery\" title=\"\"><img loading=\"lazy\" decoding=\"async\" src=\"https:\/\/www.mooreamahanatours.com\/wp-content\/uploads\/page\/page-32\/the-wildlife-of-moorea-003-384x384.jpg\" width=\"384\" height=\"384\" alt=\"\" \/><span class=\"overlay\"><\/span><span class=\"icon\"><\/span><\/a><a href=\"https:\/\/www.mooreamahanatours.com\/wp-content\/uploads\/page\/page-32\/the-wildlife-of-moorea-004-1920x1280.jpg\" class=\"fancybox\" rel=\"gallery\" title=\"\"><img loading=\"lazy\" decoding=\"async\" src=\"https:\/\/www.mooreamahanatours.com\/wp-content\/uploads\/page\/page-32\/the-wildlife-of-moorea-004-384x384.jpg\" width=\"384\" height=\"384\" alt=\"\" \/><span class=\"overlay\"><\/span><span class=\"icon\"><\/span><\/a><a href=\"https:\/\/www.mooreamahanatours.com\/wp-content\/uploads\/page\/page-32\/the-wildlife-of-moorea-005-1920x1280.jpg\" class=\"fancybox\" rel=\"gallery\" title=\"\"><img loading=\"lazy\" decoding=\"async\" src=\"https:\/\/www.mooreamahanatours.com\/wp-content\/uploads\/page\/page-32\/the-wildlife-of-moorea-005-384x384.jpg\" width=\"384\" height=\"384\" alt=\"\" \/><span class=\"overlay\"><\/span><span class=\"icon\"><\/span><\/a><a href=\"https:\/\/www.mooreamahanatours.com\/wp-content\/uploads\/page\/page-32\/the-wildlife-of-moorea-006-1920x1280.jpg\" class=\"fancybox\" rel=\"gallery\" title=\"\"><img loading=\"lazy\" decoding=\"async\" src=\"https:\/\/www.mooreamahanatours.com\/wp-content\/uploads\/page\/page-32\/the-wildlife-of-moorea-006-384x384.jpg\" width=\"384\" height=\"384\" alt=\"\" \/><span class=\"overlay\"><\/span><span class=\"icon\"><\/span><\/a><a href=\"https:\/\/www.mooreamahanatours.com\/wp-content\/uploads\/page\/page-32\/the-wildlife-of-moorea-007-1920x1280.jpg\" class=\"fancybox\" rel=\"gallery\" title=\"\"><img loading=\"lazy\" decoding=\"async\" src=\"https:\/\/www.mooreamahanatours.com\/wp-content\/uploads\/page\/page-32\/the-wildlife-of-moorea-007-384x384.jpg\" width=\"384\" height=\"384\" alt=\"\" \/><span class=\"overlay\"><\/span><span class=\"icon\"><\/span><\/a><a href=\"https:\/\/www.mooreamahanatours.com\/wp-content\/uploads\/page\/page-32\/the-wildlife-of-moorea-008-1920x1280.jpg\" class=\"fancybox\" rel=\"gallery\" title=\"\"><img loading=\"lazy\" decoding=\"async\" src=\"https:\/\/www.mooreamahanatours.com\/wp-content\/uploads\/page\/page-32\/the-wildlife-of-moorea-008-384x384.jpg\" width=\"384\" height=\"384\" alt=\"\" \/><span class=\"overlay\"><\/span><span class=\"icon\"><\/span><\/a><a href=\"https:\/\/www.mooreamahanatours.com\/wp-content\/uploads\/page\/page-32\/the-wildlife-of-moorea-009-1920x1280.jpg\" class=\"fancybox\" rel=\"gallery\" title=\"\"><img loading=\"lazy\" decoding=\"async\" src=\"https:\/\/www.mooreamahanatours.com\/wp-content\/uploads\/page\/page-32\/the-wildlife-of-moorea-009-384x384.jpg\" width=\"384\" height=\"384\" alt=\"\" \/><span class=\"overlay\"><\/span><span class=\"icon\"><\/span><\/a><a href=\"https:\/\/www.mooreamahanatours.com\/wp-content\/uploads\/page\/page-32\/the-wildlife-of-moorea-010-1920x1280.jpg\" class=\"fancybox\" rel=\"gallery\" title=\"\"><img loading=\"lazy\" decoding=\"async\" src=\"https:\/\/www.mooreamahanatours.com\/wp-content\/uploads\/page\/page-32\/the-wildlife-of-moorea-010-384x384.jpg\" width=\"384\" height=\"384\" alt=\"\" \/><span class=\"overlay\"><\/span><span class=\"icon\"><\/span><\/a><a href=\"https:\/\/www.mooreamahanatours.com\/wp-content\/uploads\/page\/page-32\/the-wildlife-of-moorea-011-1920x1280.jpg\" class=\"fancybox\" rel=\"gallery\" title=\"\"><img loading=\"lazy\" decoding=\"async\" src=\"https:\/\/www.mooreamahanatours.com\/wp-content\/uploads\/page\/page-32\/the-wildlife-of-moorea-011-384x384.jpg\" width=\"384\" height=\"384\" alt=\"\" \/><span class=\"overlay\"><\/span><span class=\"icon\"><\/span><\/a><a href=\"https:\/\/www.mooreamahanatours.com\/wp-content\/uploads\/page\/page-32\/the-wildlife-of-moorea-012-1920x1280.jpg\" class=\"fancybox\" rel=\"gallery\" title=\"\"><img loading=\"lazy\" decoding=\"async\" src=\"https:\/\/www.mooreamahanatours.com\/wp-content\/uploads\/page\/page-32\/the-wildlife-of-moorea-012-384x384.jpg\" width=\"384\" height=\"384\" alt=\"\" \/><span class=\"overlay\"><\/span><span class=\"icon\"><\/span><\/a><a href=\"https:\/\/www.mooreamahanatours.com\/wp-content\/uploads\/page\/page-32\/the-wildlife-of-moorea-013-1920x1280.jpg\" class=\"fancybox\" rel=\"gallery\" title=\"\"><img loading=\"lazy\" decoding=\"async\" src=\"https:\/\/www.mooreamahanatours.com\/wp-content\/uploads\/page\/page-32\/the-wildlife-of-moorea-013-384x384.jpg\" width=\"384\" height=\"384\" alt=\"\" \/><span class=\"overlay\"><\/span><span class=\"icon\"><\/span><\/a><a href=\"https:\/\/www.mooreamahanatours.com\/wp-content\/uploads\/page\/page-32\/the-wildlife-of-moorea-014-1920x1280.jpg\" class=\"fancybox\" rel=\"gallery\" title=\"\"><img loading=\"lazy\" decoding=\"async\" src=\"https:\/\/www.mooreamahanatours.com\/wp-content\/uploads\/page\/page-32\/the-wildlife-of-moorea-014-384x384.jpg\" width=\"384\" height=\"384\" alt=\"\" \/><span class=\"overlay\"><\/span><span class=\"icon\"><\/span><\/a><a href=\"https:\/\/www.mooreamahanatours.com\/wp-content\/uploads\/page\/page-32\/the-wildlife-of-moorea-015-1920x1280.jpg\" class=\"fancybox\" rel=\"gallery\" title=\"\"><img loading=\"lazy\" decoding=\"async\" src=\"https:\/\/www.mooreamahanatours.com\/wp-content\/uploads\/page\/page-32\/the-wildlife-of-moorea-015-384x384.jpg\" width=\"384\" height=\"384\" alt=\"\" \/><span class=\"overlay\"><\/span><span class=\"icon\"><\/span><\/a><div class=\"clear\"><\/div><\/div><\/div>","protected":false},"excerpt":{"rendered":"<p>D\u00e9couvrez-en plus sur notre \u00eele magique de Moorea dans la belle galerie. D\u00e9couvrez les coulisses de nos circuits et excursions. C&rsquo;est Moorea Mahana Tours !  <\/p>\n","protected":false},"author":1,"featured_media":823,"parent":0,"menu_order":0,"comment_status":"closed","ping_status":"closed","template":"","meta":{"footnotes":""},"class_list":["post-1305","page","type-page","status-publish","has-post-thumbnail","hentry"],"_links":{"self":[{"href":"https:\/\/www.mooreamahanatours.com\/fr\/wp-json\/wp\/v2\/pages\/1305","targetHints":{"allow":["GET"]}}],"collection":[{"href":"https:\/\/www.mooreamahanatours.com\/fr\/wp-json\/wp\/v2\/pages"}],"about":[{"href":"https:\/\/www.mooreamahanatours.com\/fr\/wp-json\/wp\/v2\/types\/page"}],"author":[{"embeddable":true,"href":"https:\/\/www.mooreamahanatours.com\/fr\/wp-json\/wp\/v2\/users\/1"}],"replies":[{"embeddable":true,"href":"https:\/\/www.mooreamahanatours.com\/fr\/wp-json\/wp\/v2\/comments?post=1305"}],"version-history":[{"count":3,"href":"https:\/\/www.mooreamahanatours.com\/fr\/wp-json\/wp\/v2\/pages\/1305\/revisions"}],"predecessor-version":[{"id":1308,"href":"https:\/\/www.mooreamahanatours.com\/fr\/wp-json\/wp\/v2\/pages\/1305\/revisions\/1308"}],"wp:featuredmedia":[{"embeddable":true,"href":"https:\/\/www.mooreamahanatours.com\/fr\/wp-json\/wp\/v2\/media\/823"}],"wp:attachment":[{"href":"https:\/\/www.mooreamahanatours.com\/fr\/wp-json\/wp\/v2\/media?parent=1305"}],"curies":[{"name":"wp","href":"https:\/\/api.w.org\/{rel}","templated":true}]}}