{"id":1311,"date":"2024-01-24T03:22:47","date_gmt":"2024-01-24T13:22:47","guid":{"rendered":"https:\/\/www.mooreamahanatours.com\/transfert-transport\/"},"modified":"2024-01-30T03:09:49","modified_gmt":"2024-01-30T13:09:49","slug":"transfert-et-transport","status":"publish","type":"page","link":"https:\/\/www.mooreamahanatours.com\/fr\/transfert-et-transport\/","title":{"rendered":"Transfert &amp; Transport"},"content":{"rendered":"\n<h2 class=\"wp-block-heading\">Transport priv\u00e9 et partag\u00e9<\/h2>\n\n<h1 class=\"wp-block-heading\">Se d\u00e9placer \u00e0 Moorea<\/h1>\n\n<figure class=\"wp-block-image size-medium\"><img loading=\"lazy\" decoding=\"async\" width=\"1280\" height=\"853\" src=\"https:\/\/www.mooreamahanatours.com\/wp-content\/uploads\/page\/page-24\/transfer-and-transport-002-1280x853.jpg\" alt=\"\" class=\"wp-image-124\"\/><\/figure>\n\n<p>Avez-vous besoin d&rsquo;un moyen de transport fiable autour de l&rsquo;\u00eele de Moorea ? Nous proposons une large gamme de transferts et de transports \u00e0 Moorea pour tous les budgets, que vous soyez seul, en couple ou en famille. N&rsquo;h\u00e9sitez pas \u00e0 nous contacter pour une navette a\u00e9roport, une navette ferry, une navette complexe, des transferts priv\u00e9s ou m\u00eame des transferts en bus dont vous \u00eates sur le point d&rsquo;avoir besoin. Parcourez les options de transfert et de transport du principal fournisseur de services de transport sur l&rsquo;\u00eele de Moorea. Nos chauffeurs sont \u00e0 votre service.    <\/p>\n\n<div class=\"wp-block-columns is-layout-flex wp-container-core-columns-is-layout-9d6595d7 wp-block-columns-is-layout-flex\">\n<div class=\"wp-block-column is-layout-flow wp-block-column-is-layout-flow\">\n<figure class=\"wp-block-image size-medium\"><img loading=\"lazy\" decoding=\"async\" width=\"1280\" height=\"853\" src=\"https:\/\/www.mooreamahanatours.com\/wp-content\/uploads\/page\/page-24\/transfer-and-transport-003-1280x853.jpg\" alt=\"\" class=\"wp-image-125\"\/><\/figure>\n<\/div>\n\n\n\n<div class=\"wp-block-column is-layout-flow wp-block-column-is-layout-flow\">\n<figure class=\"wp-block-image size-medium\"><img loading=\"lazy\" decoding=\"async\" width=\"1280\" height=\"853\" src=\"https:\/\/www.mooreamahanatours.com\/wp-content\/uploads\/page\/page-24\/transfer-and-transport-004-1280x853.jpg\" alt=\"\" class=\"wp-image-126\"\/><\/figure>\n<\/div>\n<\/div>\n\n<p class=\"has-text-align-center\"><strong>Contactez-nous pour les d\u00e9tails et les tarifs.<\/strong><\/p>\n\n<div class=\"wp-block-buttons is-content-justification-center is-layout-flex wp-container-core-buttons-is-layout-16018d1d wp-block-buttons-is-layout-flex\">\n<div class=\"wp-block-button\"><a class=\"wp-block-button__link wp-element-button\" href=\"https:\/\/www.mooreamahanatours.com\/fr\/contact\/\" style=\"border-radius:3px\">R\u00c9SERVEZ DE TRANSPORT<\/a><\/div>\n<\/div>\n","protected":false},"excerpt":{"rendered":"<p>Parcourez les options de transfert et de transport du principal fournisseur de services de transport sur l&rsquo;\u00eele de Moorea (Polyn\u00e9sie fran\u00e7aise).<\/p>\n","protected":false},"author":1,"featured_media":794,"parent":0,"menu_order":0,"comment_status":"closed","ping_status":"closed","template":"page-conditions.php","meta":{"footnotes":""},"class_list":["post-1311","page","type-page","status-publish","has-post-thumbnail","hentry"],"_links":{"self":[{"href":"https:\/\/www.mooreamahanatours.com\/fr\/wp-json\/wp\/v2\/pages\/1311","targetHints":{"allow":["GET"]}}],"collection":[{"href":"https:\/\/www.mooreamahanatours.com\/fr\/wp-json\/wp\/v2\/pages"}],"about":[{"href":"https:\/\/www.mooreamahanatours.com\/fr\/wp-json\/wp\/v2\/types\/page"}],"author":[{"embeddable":true,"href":"https:\/\/www.mooreamahanatours.com\/fr\/wp-json\/wp\/v2\/users\/1"}],"replies":[{"embeddable":true,"href":"https:\/\/www.mooreamahanatours.com\/fr\/wp-json\/wp\/v2\/comments?post=1311"}],"version-history":[{"count":7,"href":"https:\/\/www.mooreamahanatours.com\/fr\/wp-json\/wp\/v2\/pages\/1311\/revisions"}],"predecessor-version":[{"id":1318,"href":"https:\/\/www.mooreamahanatours.com\/fr\/wp-json\/wp\/v2\/pages\/1311\/revisions\/1318"}],"wp:featuredmedia":[{"embeddable":true,"href":"https:\/\/www.mooreamahanatours.com\/fr\/wp-json\/wp\/v2\/media\/794"}],"wp:attachment":[{"href":"https:\/\/www.mooreamahanatours.com\/fr\/wp-json\/wp\/v2\/media?parent=1311"}],"curies":[{"name":"wp","href":"https:\/\/api.w.org\/{rel}","templated":true}]}}