{"id":1325,"date":"2024-01-24T03:54:56","date_gmt":"2024-01-24T13:54:56","guid":{"rendered":"https:\/\/www.mooreamahanatours.com\/questions-frequemment-posees\/"},"modified":"2025-10-03T17:43:22","modified_gmt":"2025-10-04T03:43:22","slug":"questions-frequemment-posees","status":"publish","type":"page","link":"https:\/\/www.mooreamahanatours.com\/fr\/questions-frequemment-posees\/","title":{"rendered":"Questions fr\u00e9quemment pos\u00e9es"},"content":{"rendered":"\n<!-- warning box --><div class=\"box-warning\"><span><\/span><a href=\"javascript:;\" class=\"close-this-box\"><span><\/span><\/a><p><strong>Attention : <\/strong>Cette page est en construction ! Donnez-nous encore quelques jours et vous trouverez ici quelque chose d&rsquo;assez cool et int\u00e9ressant \ud83d\ude09 Si vous avez des questions, n&rsquo;h\u00e9sitez pas \u00e0 <a href=\"https:\/\/www.mooreamahanatours.com\/fr\/contact\/\" data-type=\"page\" data-id=\"12\">nous contacter<\/a>. <\/p><\/div><!-- end of warning box -->\n\n<h2 class=\"wp-block-heading\">Questions fr\u00e9quemment pos\u00e9es<\/h2>\n\n<p>Voici la liste des questions les plus fr\u00e9quemment pos\u00e9es sur nos circuits, excursions et activit\u00e9s. Nous esp\u00e9rons qu&rsquo;elles vous aideront \u00e0 planifier votre s\u00e9jour. Si vous avez d&rsquo;autres questions, n&rsquo;h\u00e9sitez pas \u00e0 nous contacter.  <\/p>\n\n<!-- toggle box --><div class=\"box-toggle\"><a href=\"javascript:;\" class=\"box-toggle-open\"><span><\/span>What is the cancellation policy?<\/a><div class=\"box-toggle-wrap\"><p><\/p>\n\n<p><strong>POLITIQUE D&rsquo;ANNULATION<\/strong><\/p>\n\n<p><strong>Pour les particuliers :For individuals:<\/strong><\/p>\n\n<p>\u2022 Pour une annulation jusqu\u2019\u00e0 48 heures avant l\u2019excursion, nous offrons un remboursement \u00e0 100%.\u2022 For a cancellation with at least 48 hours notice, we offer a 100% refund.<\/p>\n\n<p>\u2022 Pour les annulations \u00e0 moins de 48 heures, nous n\u2019offrons pas de remboursement.<\/p>\n\n<p><strong>Pour les groupes de 6 ou plus :<\/strong><\/p>\n\n<p>\u2022 Pour une annulation jusqu\u2019\u00e0 7 jours avant l\u2019excursion, nous offrons un remboursement \u00e0 100%.<\/p>\n\n<p>\u2022 Pour les annulations \u00e0 moins de 7 jours, nous n\u2019offrons pas de remboursement.<\/p>\n\n<p><\/p><\/div><\/div><!-- end of toggle box -->\n\n<!-- toggle box --><div class=\"box-toggle\"><a href=\"javascript:;\" class=\"box-toggle-open\"><span><\/span>Do you provide children's rates?<\/a><div class=\"box-toggle-wrap\"><p><\/p>\n\n<p><strong>TARIFS ENFANTS :<\/strong><\/p>\n\n<p>\u2022 0 \u00e0 3 ans : Gratuit<\/p>\n\n<p>\u2022 4 \u00e0 11 ans : moiti\u00e9 du prix<\/p>\n\n<p><\/p><\/div><\/div><!-- end of toggle box -->\n\n<!-- toggle box --><div class=\"box-toggle\"><a href=\"javascript:;\" class=\"box-toggle-open\"><span><\/span>Are you insured?<\/a><div class=\"box-toggle-wrap\"><p>Oui, nous sommes assur\u00e9s pour tous nos circuits, excursions et activit\u00e9s.<\/p><\/div><\/div><!-- end of toggle box -->\n","protected":false},"excerpt":{"rendered":"<p>Voici la liste des questions les plus fr\u00e9quemment pos\u00e9es sur nos circuits, excursions et activit\u00e9s. Nous esp\u00e9rons qu&rsquo;elles vous aideront \u00e0 planifier votre s\u00e9jour. Si vous avez d&rsquo;autres questions, n&rsquo;h\u00e9sitez pas \u00e0 nous contacter.  <\/p>\n","protected":false},"author":1,"featured_media":864,"parent":0,"menu_order":0,"comment_status":"closed","ping_status":"closed","template":"page-conditions.php","meta":{"footnotes":""},"class_list":["post-1325","page","type-page","status-publish","has-post-thumbnail","hentry"],"_links":{"self":[{"href":"https:\/\/www.mooreamahanatours.com\/fr\/wp-json\/wp\/v2\/pages\/1325","targetHints":{"allow":["GET"]}}],"collection":[{"href":"https:\/\/www.mooreamahanatours.com\/fr\/wp-json\/wp\/v2\/pages"}],"about":[{"href":"https:\/\/www.mooreamahanatours.com\/fr\/wp-json\/wp\/v2\/types\/page"}],"author":[{"embeddable":true,"href":"https:\/\/www.mooreamahanatours.com\/fr\/wp-json\/wp\/v2\/users\/1"}],"replies":[{"embeddable":true,"href":"https:\/\/www.mooreamahanatours.com\/fr\/wp-json\/wp\/v2\/comments?post=1325"}],"version-history":[{"count":8,"href":"https:\/\/www.mooreamahanatours.com\/fr\/wp-json\/wp\/v2\/pages\/1325\/revisions"}],"predecessor-version":[{"id":1422,"href":"https:\/\/www.mooreamahanatours.com\/fr\/wp-json\/wp\/v2\/pages\/1325\/revisions\/1422"}],"wp:featuredmedia":[{"embeddable":true,"href":"https:\/\/www.mooreamahanatours.com\/fr\/wp-json\/wp\/v2\/media\/864"}],"wp:attachment":[{"href":"https:\/\/www.mooreamahanatours.com\/fr\/wp-json\/wp\/v2\/media?parent=1325"}],"curies":[{"name":"wp","href":"https:\/\/api.w.org\/{rel}","templated":true}]}}